{"id":448,"date":"2020-01-28T20:45:15","date_gmt":"2020-01-28T19:45:15","guid":{"rendered":"http:\/\/www.roesterei-eisenwerk.de\/?page_id=448"},"modified":"2020-02-27T14:42:13","modified_gmt":"2020-02-27T13:42:13","slug":"impressum","status":"publish","type":"page","link":"https:\/\/www.roesterei-eisenwerk.de\/?page_id=448","title":{"rendered":"Impressum"},"content":{"rendered":"<header class=\"entry-header\">\n<h3 class=\"entry-title\" style=\"text-align: left;\"><span style=\"color: #555555;\"><strong>R\u00f6sterei Eisenwerk<\/strong><\/span><\/h3>\n<\/header>\n<div class=\"entry-content\">\n<p style=\"text-align: left;\">Inhaber\u00a0Stephan Zink<br \/>\nEisenwerkstr. 11<br \/>\n76571\u00a0Gaggenau<br \/>\nFon\u00a0+49 7225 9861004<br \/>\nkaffee(at)roesterei-eisenwerk.de<br \/>\nwww.roesterei-eisenwerk.de<\/p>\n<p style=\"text-align: left;\">USt-Id-Nr. DE 305 014 475<\/p>\n<h3 style=\"text-align: left;\"><span style=\"color: #555555;\"><strong>Haftungshinweis<\/strong><\/span><\/h3>\n<p style=\"text-align: left;\">Trotz sorgf\u00e4ltiger inhaltlicher Kontrolle \u00fcbernehmen wir keine Haftung f\u00fcr die Inhalte externer Links. F\u00fcr den Inhalt der verlinkten Seiten sind ausschlie\u00dflich deren Betreiber verantwortlich.<\/p>\n<h3 style=\"text-align: left;\"><strong><span style=\"color: #555555;\">Streitschlichtung<\/span>\u00a0<\/strong><\/h3>\n<p style=\"text-align: left;\"><strong>gem\u00e4\u00df Art. 14 Abs. 1 ODR-VO und \u00a7 36 VSBG:<br \/>\n<\/strong>Die Europ\u00e4ische Kommission stellt eine Plattform zur Online-Streitbeilegung (OS) bereit, die Sie unter <a href=\"https:\/\/ec.europa.eu\/consumers\/odr\" target=\"_blank\" rel=\"noopener noreferrer\">https:\/\/ec.europa.eu\/consumers\/odr<\/a> finden. Zur Teilnahme an einem Streitbeilegungsverfahren vor einer Verbraucherschlichtungsstelle sind wir nicht verpflichtet und nicht bereit.<\/p>\n<\/div>\n","protected":false},"excerpt":{"rendered":"<p>R\u00f6sterei Eisenwerk Inhaber\u00a0Stephan Zink Eisenwerkstr. 11 76571\u00a0Gaggenau Fon\u00a0+49 7225 9861004 kaffee(at)roesterei-eisenwerk.de www.roesterei-eisenwerk.de USt-Id-Nr. DE 305 014 475 Haftungshinweis Trotz sorgf\u00e4ltiger inhaltlicher Kontrolle \u00fcbernehmen wir keine Haftung f\u00fcr die Inhalte externer Links. F\u00fcr den Inhalt der verlinkten Seiten sind ausschlie\u00dflich deren Betreiber verantwortlich. Streitschlichtung\u00a0 gem\u00e4\u00df Art. 14 Abs. 1 ODR-VO und \u00a7 36 VSBG: Die Europ\u00e4ische&#8230; <a href=\"https:\/\/www.roesterei-eisenwerk.de\/?page_id=448\">Weiterlesen <span class=\"screen-reader-text\">&#8222;Impressum&#8220;<\/span><\/a><\/p>\n","protected":false},"author":1,"featured_media":0,"parent":0,"menu_order":0,"comment_status":"closed","ping_status":"closed","template":"","meta":{"footnotes":""},"class_list":["post-448","page","type-page","status-publish","hentry","counter-grid-item"],"_links":{"self":[{"href":"https:\/\/www.roesterei-eisenwerk.de\/index.php?rest_route=\/wp\/v2\/pages\/448","targetHints":{"allow":["GET"]}}],"collection":[{"href":"https:\/\/www.roesterei-eisenwerk.de\/index.php?rest_route=\/wp\/v2\/pages"}],"about":[{"href":"https:\/\/www.roesterei-eisenwerk.de\/index.php?rest_route=\/wp\/v2\/types\/page"}],"author":[{"embeddable":true,"href":"https:\/\/www.roesterei-eisenwerk.de\/index.php?rest_route=\/wp\/v2\/users\/1"}],"replies":[{"embeddable":true,"href":"https:\/\/www.roesterei-eisenwerk.de\/index.php?rest_route=%2Fwp%2Fv2%2Fcomments&post=448"}],"version-history":[{"count":6,"href":"https:\/\/www.roesterei-eisenwerk.de\/index.php?rest_route=\/wp\/v2\/pages\/448\/revisions"}],"predecessor-version":[{"id":742,"href":"https:\/\/www.roesterei-eisenwerk.de\/index.php?rest_route=\/wp\/v2\/pages\/448\/revisions\/742"}],"wp:attachment":[{"href":"https:\/\/www.roesterei-eisenwerk.de\/index.php?rest_route=%2Fwp%2Fv2%2Fmedia&parent=448"}],"curies":[{"name":"wp","href":"https:\/\/api.w.org\/{rel}","templated":true}]}}